{"id":3892,"date":"2022-08-09T13:56:15","date_gmt":"2022-08-09T13:56:15","guid":{"rendered":"https:\/\/ordainit.com\/demo\/buconz\/?page_id=3892"},"modified":"2025-08-12T16:01:17","modified_gmt":"2025-08-12T16:01:17","slug":"inicio","status":"publish","type":"page","link":"https:\/\/repositorio.conavihsida.gob.do\/","title":{"rendered":"Inicio"},"content":{"rendered":"<div class=\"pvc_clear\"><\/div>\n<p id=\"pvc_stats_3892\" class=\"pvc_stats total_only  \" data-element-id=\"3892\" style=\"\"><i class=\"pvc-stats-icon large\" aria-hidden=\"true\"><svg aria-hidden=\"true\" focusable=\"false\" data-prefix=\"far\" data-icon=\"chart-bar\" role=\"img\" xmlns=\"http:\/\/www.w3.org\/2000\/svg\" viewBox=\"0 0 512 512\" class=\"svg-inline--fa fa-chart-bar fa-w-16 fa-2x\"><path fill=\"currentColor\" d=\"M396.8 352h22.4c6.4 0 12.8-6.4 12.8-12.8V108.8c0-6.4-6.4-12.8-12.8-12.8h-22.4c-6.4 0-12.8 6.4-12.8 12.8v230.4c0 6.4 6.4 12.8 12.8 12.8zm-192 0h22.4c6.4 0 12.8-6.4 12.8-12.8V140.8c0-6.4-6.4-12.8-12.8-12.8h-22.4c-6.4 0-12.8 6.4-12.8 12.8v198.4c0 6.4 6.4 12.8 12.8 12.8zm96 0h22.4c6.4 0 12.8-6.4 12.8-12.8V204.8c0-6.4-6.4-12.8-12.8-12.8h-22.4c-6.4 0-12.8 6.4-12.8 12.8v134.4c0 6.4 6.4 12.8 12.8 12.8zM496 400H48V80c0-8.84-7.16-16-16-16H16C7.16 64 0 71.16 0 80v336c0 17.67 14.33 32 32 32h464c8.84 0 16-7.16 16-16v-16c0-8.84-7.16-16-16-16zm-387.2-48h22.4c6.4 0 12.8-6.4 12.8-12.8v-70.4c0-6.4-6.4-12.8-12.8-12.8h-22.4c-6.4 0-12.8 6.4-12.8 12.8v70.4c0 6.4 6.4 12.8 12.8 12.8z\" class=\"\"><\/path><\/svg><\/i> <img decoding=\"async\" width=\"16\" height=\"16\" alt=\"Loading\" src=\"\/wp-content\/plugins\/page-views-count\/ajax-loader-2x.gif\" border=0 \/><\/p>\n<div class=\"pvc_clear\"><\/div>\n<p>[vc_row full_width=&#8221;stretch_row_content_no_spaces&#8221; full_height=&#8221;yes&#8221; equal_height=&#8221;yes&#8221; parallax=&#8221;content-moving-fade&#8221; parallax_image=&#8221;12868&#8243; parallax_speed_bg=&#8221;1&#8243;][vc_column]<section class=\"bc-hero-area bc-style-4 vc_custom_1727879484528 \">\n\t\t<div class=\"business-hero-area-inner\">\n\t\t\t<div class=\"row\">\n\t\t\t\t<div class=\"col-12\">\n\t\t\t\t\t<div class=\"hero-content-inner\">\t\n\t\t\t\t\t\t<div class=\"bc-hero-content\">\n\t\t\t\t\t\t\t<div class=\"hero-title-desc\">\t\n\t\t\t\t\t\t\t\t<h2 class=\"hero-title\">Repositorio de Estad\u00edsticas e Investigaciones en ITS-VIH-SIDA (RESIN-CONAVIHSIDA)<\/h2>\n\t\t\t\t\t\t\t\t<div class=\"hero-text\">\n\t\t\t\t\t\t\t\t\t<p>Espacio en l\u00ednea de acceso abierto con el prop\u00f3sito de fomentar el quehacer cient\u00edfico-t\u00e9cnico que permita la revisi\u00f3n de los resultados de gesti\u00f3n para el alcance de todos.<\/p>\n\t\t\t\t\t\t\t\t<\/div>\n\t\t\t\t\t\t\t<\/div>\n\t\t\t\t\t\t\t<div class=\"hero-button-main\">\n\t\t\t\t\t\t\t\t<div class=\"single-btn hero-btn\">\n\t\t\t\t\t\t\t\t\t<a href=\"https:\/\/repositorio.conavihsida.gob.do\/?page_id=3274\" class=\"buconz-btn effect\"><span class=\"effect-text\">Conocer m\u00e1s <i class=\"fa fa-long-arrow-right\"><\/i><\/span><\/a>\n\t\t\t\t\t\t\t\t<\/div>\n\t\t\t\t\t\t\t<\/div>\n\t\t\t\t\t\t<\/div>\t\n\t\t\t\t\t<\/div>\n\t\t\t\t<\/div>\n\t\t\t<\/div>\n\t\t<\/div>\n\t<\/section>\n\t[\/vc_column][\/vc_row][vc_row][vc_column]<div class=\"section-title style2  text-center vc_custom_1727754195806\">\n\t\t\t<div class=\"section-top\"><h4><\/h4><\/div>\n\t\t\t<h2 class=\"section-heading\">El VIH en cifras en la Rep\u00fablica Dominicana<\/h2>\n\t\t\t<div class=\"section-text\"><p>En la Rep\u00fablica Dominicana hay un ritmo de reducci\u00f3n de las nuevas infecciones por el VIH, se va aumentando el acceso al tratamiento y se va terminando con las muertes relacionadas con el VIH. Comprueba los \u00faltimos datos con relaci\u00f3n al VIH.\n<\/p><\/div>\n\t\t<\/div>\n\t[vc_row_inner][vc_column_inner][\/vc_column_inner][\/vc_row_inner][\/vc_column][\/vc_row][vc_row][vc_column width=&#8221;1\/3&#8243;]<div class=\"single-counter style-1  wow fadeIn\" data-wow-delay=\"1s\"><div class=\"counter-type icon\"><i class=\"\"><\/i><\/div>\r\n\t\t\t<div class=\"conter-content\">\r\n\t\t\t\t<div class=\"counter-head\">\r\n\t\t\t\t\t<h3><b class=\"number\">4,000<\/b><span>+<\/span><\/h3>\r\n\t\t\t\t<\/div>\r\n\t\t\t\t<p>de personas que se estiman contraer\u00e1n el VIH (incidencia)<\/p>\r\n\t\t\t<\/div>\r\n\t\t<\/div>\r\n\t[\/vc_column][vc_column width=&#8221;1\/3&#8243;]<div class=\"single-counter style-1  wow fadeIn\" data-wow-delay=\"1s\"><div class=\"counter-type icon\"><i class=\"\"><\/i><\/div>\r\n\t\t\t<div class=\"conter-content\">\r\n\t\t\t\t<div class=\"counter-head\">\r\n\t\t\t\t\t<h3><b class=\"number\">85,000<\/b><span>+<\/span><\/h3>\r\n\t\t\t\t<\/div>\r\n\t\t\t\t<p>estimaci\u00f3n de personas que viven con el VIH<\/p>\r\n\t\t\t<\/div>\r\n\t\t<\/div>\r\n\t[\/vc_column][vc_column width=&#8221;1\/3&#8243;]<div class=\"single-counter style-1  wow fadeIn\" data-wow-delay=\"1s\"><div class=\"counter-type icon\"><i class=\"\"><\/i><\/div>\r\n\t\t\t<div class=\"conter-content\">\r\n\t\t\t\t<div class=\"counter-head\">\r\n\t\t\t\t\t<h3><b class=\"number\">1,300<\/b><span>+<\/span><\/h3>\r\n\t\t\t\t<\/div>\r\n\t\t\t\t<p>Estimaci\u00f3n de personas que fallecen por enfermedades asociadas con el VIH<\/p>\r\n\t\t\t<\/div>\r\n\t\t<\/div>\r\n\t[\/vc_column][\/vc_row][vc_row full_width=&#8221;stretch_row&#8221; css=&#8221;.vc_custom_1635318482697{padding-bottom: 80px !important;}&#8221;][vc_column][vc_row_inner][vc_column_inner css=&#8221;.vc_custom_1727730182778{margin-top: 40px !important;}&#8221;][vc_separator color=&#8221;blue&#8221; align=&#8221;align_left&#8221;]<div class=\"section-title style2  text-center \">\n\t\t\t<div class=\"section-top\"><h4><\/h4><\/div>\n\t\t\t<h2 class=\"section-heading\">Datos<\/h2>\n\t\t\t<div class=\"section-text\"><p><\/p><\/div>\n\t\t<\/div>\n\t[\/vc_column_inner][\/vc_row_inner][vc_row_inner][vc_column_inner width=&#8221;1\/3&#8243;]<div class=\"single-service style-5 no vc_custom_1660195032678 wow fadeInUp\" data-wow-delay=\"0.2s\">\r\n\t\t\r\n\t\t\t<div class=\"service-head\"><div class=\"service-type image-st\"><img decoding=\"async\" src=\"\/wp-content\/uploads\/2022\/08\/vectorstock_23519599-e1660199443181.png\" alt=\"service image\"><\/div>\r\n\t\t\t<\/div>\r\n\t\t\t<div class=\"service-content-top\">\r\n\t\t\t\t<div class=\"service-content\">\r\n\t\t\t\t\t<h4 class=\"buconz-s-title\"><a href=\"https:\/\/repositorio.conavihsida.gob.do\/?page_id=11991\">Investigaciones<\/a><\/h4>\r\n\t\t\t\t\t<p>Resultados de estudios peri\u00f3dicos que orientan el comportamiento de la epidemia en poblaciones especificas.\n<\/p>\r\n\t\t\t\t<\/div>\r\n\t\t\t<\/div>\r\n\t\t<\/div>\r\n\t\t<!-- End Single Service -->\r\n\t\r\n\t[\/vc_column_inner][vc_column_inner width=&#8221;1\/3&#8243;]<div class=\"single-service style-5 no vc_custom_1660200314418 wow fadeInUp\" data-wow-delay=\"0.4s\">\r\n\t\t\r\n\t\t\t<div class=\"service-head\"><div class=\"service-type image-st\"><img decoding=\"async\" src=\"\/wp-content\/uploads\/2022\/08\/vectorstock_21072048-e1660198354213.png\" alt=\"service image\"><\/div>\r\n\t\t\t<\/div>\r\n\t\t\t<div class=\"service-content-top\">\r\n\t\t\t\t<div class=\"service-content\">\r\n\t\t\t\t\t<h4 class=\"buconz-s-title\"><a href=\"https:\/\/repositorio.conavihsida.gob.do\/?page_id=4338\">Estad\u00edsticas<\/a><\/h4>\r\n\t\t\t\t\t<p>Archivos y documentos de an\u00e1lisis del alcance de los indicadores compromiso pa\u00eds.\n<\/p>\r\n\t\t\t\t<\/div>\r\n\t\t\t<\/div>\r\n\t\t<\/div>\r\n\t\t<!-- End Single Service -->\r\n\t\r\n\t[\/vc_column_inner][vc_column_inner width=&#8221;1\/3&#8243;]<div class=\"single-service style-5 no vc_custom_1660199903851 wow fadeInUp\" data-wow-delay=\"0.6s\">\r\n\t\t\r\n\t\t\t<div class=\"service-head\"><div class=\"service-type image-st\"><img decoding=\"async\" src=\"\/wp-content\/uploads\/2022\/08\/vectorstock_22780889-scaled-e1660199908538.jpg\" alt=\"service image\"><\/div>\r\n\t\t\t<\/div>\r\n\t\t\t<div class=\"service-content-top\">\r\n\t\t\t\t<div class=\"service-content\">\r\n\t\t\t\t\t<h4 class=\"buconz-s-title\"><a href=\"https:\/\/repositorio.conavihsida.gob.do\/?page_id=12542\">Producci\u00f3n de datos<\/a><\/h4>\r\n\t\t\t\t\t<p>Reportes en l\u00ednea en tiempo real sobre los alcances de los servicios de prevenci\u00f3n en poblaciones clave.\n<\/p>\r\n\t\t\t\t<\/div>\r\n\t\t\t<\/div>\r\n\t\t<\/div>\r\n\t\t<!-- End Single Service -->\r\n\t\r\n\t[\/vc_column_inner][\/vc_row_inner][vc_row_inner][vc_column_inner width=&#8221;1\/3&#8243;]<div class=\"single-service style-5 no vc_custom_1660200860062 wow fadeInUp\" data-wow-delay=\"0.8s\">\r\n\t\t\r\n\t\t\t<div class=\"service-head\"><div class=\"service-type image-st\"><img decoding=\"async\" src=\"\/wp-content\/uploads\/2022\/08\/vectorstock_36244361-scaled.jpg\" alt=\"service image\"><\/div>\r\n\t\t\t<\/div>\r\n\t\t\t<div class=\"service-content-top\">\r\n\t\t\t\t<div class=\"service-content\">\r\n\t\t\t\t\t<h4 class=\"buconz-s-title\"><a href=\"https:\/\/repositorio.conavihsida.gob.do\/?page_id=12539\">Mesa T\u00e9cnica<\/a><\/h4>\r\n\t\t\t\t\t<p>Grupo de especialistas multidisciplinario que contribuyen al an\u00e1lisis de los datos de la Respuesta Nacional a las ITS-VIH y Sida.\n<\/p>\r\n\t\t\t\t<\/div>\r\n\t\t\t<\/div>\r\n\t\t<\/div>\r\n\t\t<!-- End Single Service -->\r\n\t\r\n\t[\/vc_column_inner][vc_column_inner width=&#8221;1\/3&#8243;]<div class=\"single-service style-5 no vc_custom_1660200717360 wow fadeInUp\" data-wow-delay=\"0.4s\">\r\n\t\t\r\n\t\t\t<div class=\"service-head\"><div class=\"service-type image-st\"><img decoding=\"async\" src=\"\/wp-content\/uploads\/2022\/08\/vectorstock_23638273-scaled.jpg\" alt=\"service image\"><\/div>\r\n\t\t\t<\/div>\r\n\t\t\t<div class=\"service-content-top\">\r\n\t\t\t\t<div class=\"service-content\">\r\n\t\t\t\t\t<h4 class=\"buconz-s-title\"><a href=\"https:\/\/repositorio.conavihsida.gob.do\/?page_id=11993\">Infograf\u00edas<\/a><\/h4>\r\n\t\t\t\t\t<p><br \/>\nRepresentaci\u00f3n visual de estudios e investigaciones realizados.\n<\/p>\r\n\t\t\t\t<\/div>\r\n\t\t\t<\/div>\r\n\t\t<\/div>\r\n\t\t<!-- End Single Service -->\r\n\t\r\n\t[\/vc_column_inner][vc_column_inner width=&#8221;1\/3&#8243;]<div class=\"single-service style-5 no vc_custom_1660198961493 wow fadeIn\" data-wow-delay=\"1.2s\">\r\n\t\t\r\n\t\t\t<div class=\"service-head\"><div class=\"service-type image-st\"><img decoding=\"async\" src=\"\/wp-content\/uploads\/2022\/08\/vectorstock_16602037.png\" alt=\"service image\"><\/div>\r\n\t\t\t<\/div>\r\n\t\t\t<div class=\"service-content-top\">\r\n\t\t\t\t<div class=\"service-content\">\r\n\t\t\t\t\t<h4 class=\"buconz-s-title\"><a href=\"https:\/\/repositorio.conavihsida.gob.do\/\">Planes Nacionales y Estrategicos<\/a><\/h4>\r\n\t\t\t\t\t<p>Documentos de planificaci\u00f3n estrat\u00e9gica e informes de an\u00e1lisis de seguimiento.\n<\/p>\r\n\t\t\t\t<\/div>\r\n\t\t\t<\/div>\r\n\t\t<\/div>\r\n\t\t<!-- End Single Service -->\r\n\t\r\n\t[\/vc_column_inner][\/vc_row_inner][\/vc_column][\/vc_row]<\/b><\/b><\/p>\n","protected":false},"excerpt":{"rendered":"<div class=\"pvc_clear\"><\/div>\n<p id=\"pvc_stats_3892\" class=\"pvc_stats total_only  \" data-element-id=\"3892\" style=\"\"><i class=\"pvc-stats-icon large\" aria-hidden=\"true\"><svg aria-hidden=\"true\" focusable=\"false\" data-prefix=\"far\" data-icon=\"chart-bar\" role=\"img\" xmlns=\"http:\/\/www.w3.org\/2000\/svg\" viewBox=\"0 0 512 512\" class=\"svg-inline--fa fa-chart-bar fa-w-16 fa-2x\"><path fill=\"currentColor\" d=\"M396.8 352h22.4c6.4 0 12.8-6.4 12.8-12.8V108.8c0-6.4-6.4-12.8-12.8-12.8h-22.4c-6.4 0-12.8 6.4-12.8 12.8v230.4c0 6.4 6.4 12.8 12.8 12.8zm-192 0h22.4c6.4 0 12.8-6.4 12.8-12.8V140.8c0-6.4-6.4-12.8-12.8-12.8h-22.4c-6.4 0-12.8 6.4-12.8 12.8v198.4c0 6.4 6.4 12.8 12.8 12.8zm96 0h22.4c6.4 0 12.8-6.4 12.8-12.8V204.8c0-6.4-6.4-12.8-12.8-12.8h-22.4c-6.4 0-12.8 6.4-12.8 12.8v134.4c0 6.4 6.4 12.8 12.8 12.8zM496 400H48V80c0-8.84-7.16-16-16-16H16C7.16 64 0 71.16 0 80v336c0 17.67 14.33 32 32 32h464c8.84 0 16-7.16 16-16v-16c0-8.84-7.16-16-16-16zm-387.2-48h22.4c6.4 0 12.8-6.4 12.8-12.8v-70.4c0-6.4-6.4-12.8-12.8-12.8h-22.4c-6.4 0-12.8 6.4-12.8 12.8v70.4c0 6.4 6.4 12.8 12.8 12.8z\" class=\"\"><\/path><\/svg><\/i> <img decoding=\"async\" width=\"16\" height=\"16\" alt=\"Loading\" src=\"\/wp-content\/plugins\/page-views-count\/ajax-loader-2x.gif\" border=0 \/><\/p>\n<div class=\"pvc_clear\"><\/div>\n<p>[vc_row full_width=&#8221;stretch_row_content_no_spaces&#8221; full_height=&#8221;yes&#8221; equal_height=&#8221;yes&#8221; parallax=&#8221;content-moving-fade&#8221; parallax_image=&#8221;12868&#8243; parallax_speed_bg=&#8221;1&#8243;][vc_column][\/vc_column][\/vc_row][vc_row][vc_column][vc_row_inner][vc_column_inner][\/vc_column_inner][\/vc_row_inner][\/vc_column][\/vc_row][vc_row][vc_column width=&#8221;1\/3&#8243;][\/vc_column][vc_column width=&#8221;1\/3&#8243;][\/vc_column][vc_column width=&#8221;1\/3&#8243;][\/vc_column][\/vc_row][vc_row full_width=&#8221;stretch_row&#8221; css=&#8221;.vc_custom_1635318482697{padding-bottom: 80px !important;}&#8221;][vc_column][vc_row_inner][vc_column_inner css=&#8221;.vc_custom_1727730182778{margin-top: 40px !important;}&#8221;][vc_separator color=&#8221;blue&#8221; align=&#8221;align_left&#8221;][\/vc_column_inner][\/vc_row_inner][vc_row_inner][vc_column_inner width=&#8221;1\/3&#8243;][\/vc_column_inner][vc_column_inner width=&#8221;1\/3&#8243;][\/vc_column_inner][vc_column_inner width=&#8221;1\/3&#8243;][\/vc_column_inner][\/vc_row_inner][vc_row_inner][vc_column_inner width=&#8221;1\/3&#8243;][\/vc_column_inner][vc_column_inner width=&#8221;1\/3&#8243;][\/vc_column_inner][vc_column_inner width=&#8221;1\/3&#8243;][\/vc_column_inner][\/vc_row_inner][\/vc_column][\/vc_row]<\/p>\n","protected":false},"author":1,"featured_media":0,"parent":0,"menu_order":0,"comment_status":"closed","ping_status":"closed","template":"","meta":{"footnotes":""},"class_list":["post-3892","page","type-page","status-publish","hentry"],"_links":{"self":[{"href":"https:\/\/repositorio.conavihsida.gob.do\/index.php?rest_route=\/wp\/v2\/pages\/3892","targetHints":{"allow":["GET"]}}],"collection":[{"href":"https:\/\/repositorio.conavihsida.gob.do\/index.php?rest_route=\/wp\/v2\/pages"}],"about":[{"href":"https:\/\/repositorio.conavihsida.gob.do\/index.php?rest_route=\/wp\/v2\/types\/page"}],"author":[{"embeddable":true,"href":"https:\/\/repositorio.conavihsida.gob.do\/index.php?rest_route=\/wp\/v2\/users\/1"}],"replies":[{"embeddable":true,"href":"https:\/\/repositorio.conavihsida.gob.do\/index.php?rest_route=%2Fwp%2Fv2%2Fcomments&post=3892"}],"version-history":[{"count":31,"href":"https:\/\/repositorio.conavihsida.gob.do\/index.php?rest_route=\/wp\/v2\/pages\/3892\/revisions"}],"predecessor-version":[{"id":12983,"href":"https:\/\/repositorio.conavihsida.gob.do\/index.php?rest_route=\/wp\/v2\/pages\/3892\/revisions\/12983"}],"wp:attachment":[{"href":"https:\/\/repositorio.conavihsida.gob.do\/index.php?rest_route=%2Fwp%2Fv2%2Fmedia&parent=3892"}],"curies":[{"name":"wp","href":"https:\/\/api.w.org\/{rel}","templated":true}]}}