{"id":3274,"date":"2020-04-06T07:37:39","date_gmt":"2020-04-06T07:37:39","guid":{"rendered":"http:\/\/localhost\/demo\/?page_id=3274"},"modified":"2024-10-02T19:06:49","modified_gmt":"2024-10-02T19:06:49","slug":"acerca-resin","status":"publish","type":"page","link":"https:\/\/repositorio.conavihsida.gob.do\/?page_id=3274","title":{"rendered":"Acerca del RESIN"},"content":{"rendered":"<div class=\"pvc_clear\"><\/div>\n<p id=\"pvc_stats_3274\" class=\"pvc_stats total_only  \" data-element-id=\"3274\" style=\"\"><i class=\"pvc-stats-icon large\" aria-hidden=\"true\"><svg aria-hidden=\"true\" focusable=\"false\" data-prefix=\"far\" data-icon=\"chart-bar\" role=\"img\" xmlns=\"http:\/\/www.w3.org\/2000\/svg\" viewBox=\"0 0 512 512\" class=\"svg-inline--fa fa-chart-bar fa-w-16 fa-2x\"><path fill=\"currentColor\" d=\"M396.8 352h22.4c6.4 0 12.8-6.4 12.8-12.8V108.8c0-6.4-6.4-12.8-12.8-12.8h-22.4c-6.4 0-12.8 6.4-12.8 12.8v230.4c0 6.4 6.4 12.8 12.8 12.8zm-192 0h22.4c6.4 0 12.8-6.4 12.8-12.8V140.8c0-6.4-6.4-12.8-12.8-12.8h-22.4c-6.4 0-12.8 6.4-12.8 12.8v198.4c0 6.4 6.4 12.8 12.8 12.8zm96 0h22.4c6.4 0 12.8-6.4 12.8-12.8V204.8c0-6.4-6.4-12.8-12.8-12.8h-22.4c-6.4 0-12.8 6.4-12.8 12.8v134.4c0 6.4 6.4 12.8 12.8 12.8zM496 400H48V80c0-8.84-7.16-16-16-16H16C7.16 64 0 71.16 0 80v336c0 17.67 14.33 32 32 32h464c8.84 0 16-7.16 16-16v-16c0-8.84-7.16-16-16-16zm-387.2-48h22.4c6.4 0 12.8-6.4 12.8-12.8v-70.4c0-6.4-6.4-12.8-12.8-12.8h-22.4c-6.4 0-12.8 6.4-12.8 12.8v70.4c0 6.4 6.4 12.8 12.8 12.8z\" class=\"\"><\/path><\/svg><\/i> <img decoding=\"async\" width=\"16\" height=\"16\" alt=\"Loading\" src=\"\/wp-content\/plugins\/page-views-count\/ajax-loader-2x.gif\" border=0 \/><\/p>\n<div class=\"pvc_clear\"><\/div>\n<p>[vc_row full_width=&#8221;stretch_row&#8221; css=&#8221;.vc_custom_1585779259785{padding-top: 70px !important;padding-bottom: 100px !important;}&#8221; el_class=&#8221;service-details&#8221;][vc_column width=&#8221;1\/4&#8243; css=&#8221;.vc_custom_1660229795210{margin-top: 30px !important;}&#8221; el_class=&#8221;service-sidebar&#8221; offset=&#8221;vc_hidden-sm vc_hidden-xs&#8221;][vc_wp_custommenu title=&#8221;M\u00e1s de esta secci\u00f3n&#8221; nav_menu=&#8221;259&#8243;][\/vc_column][vc_column width=&#8221;3\/4&#8243;][vc_column_text]<\/p>\n<div class=\"wpb_text_column wpb_content_element \">\n<div class=\"wpb_wrapper\">\n<div>\n<p><strong><span lang=\"ES-DO\">RESIN\u00a0<\/span><\/strong><span lang=\"ES-DO\">se denomina al\u00a0<strong>Repositorio de Estad\u00edsticas e Investigaciones en ITS-VIH-SIDA (RESIN-CONVIHSIDA)<\/strong>, el cual constituye un espacio en l\u00ednea de acceso abierto y centralizado destinado a almacenar, organizar, actualizar, mantener y difundir informaci\u00f3n digital rutinaria, con miras a proporcionar un \u00e1rea que contenga las investigaciones y an\u00e1lisis institucionales con el prop\u00f3sito de fomentar el quehacer cient\u00edfico \u2013 t\u00e9cnico y la revisi\u00f3n de los resultados y de gesti\u00f3n para el alcance de estos.<\/span><\/p>\n<p>&nbsp;<\/p>\n<\/div>\n<div>\n<p style=\"text-align: justify;\"><span lang=\"ES-DO\">De acuerdo con el Plan Estrat\u00e9gico Nacional\u00a0 para la Respuesta a la Prevenci\u00f3n y el Control de las ITS, VIH y SIDA, en la Republica Dominicana (2021-2024) y basados en la Ley 135-11, que facultad al CONAVIHSIDA como coordinador de la Respuesta Nacional, as\u00ed tambi\u00e9n responsables del funcionamiento y actualizaci\u00f3n del Sistema \u00danico de Monitoreo y Evaluaci\u00f3n (SUME) de la Respuesta Nacional al VIH-SIDA, \u00a0deber\u00e1 diseminar\u00a0 las estad\u00edsticas, los an\u00e1lisis y resultados, a fin de lograr y\/o promover mayor cobertura en el uso de la informaci\u00f3n para el apoyo de la toma de decisiones, la investigaci\u00f3n, as\u00ed como la rendici\u00f3n de cuentas al p\u00fablico sobre la situaci\u00f3n de las ITS-VIH-SIDA, desde el enfoque program\u00e1tico y econ\u00f3mico. Adem\u00e1s, los usuarios tendr\u00e1n acceso a indicadores, boletines estad\u00edsticos, estudios y an\u00e1lisis, as\u00ed como a las metodolog\u00edas desarrolladas y empleadas por la instituci\u00f3n en el proceso de producci\u00f3n de informaci\u00f3n.<\/span><\/p>\n<\/div>\n<\/div>\n<\/div>\n<p>[\/vc_column_text][\/vc_column][\/vc_row]<\/p>\n","protected":false},"excerpt":{"rendered":"<div class=\"pvc_clear\"><\/div>\n<p id=\"pvc_stats_3274\" class=\"pvc_stats total_only  \" data-element-id=\"3274\" style=\"\"><i class=\"pvc-stats-icon large\" aria-hidden=\"true\"><svg aria-hidden=\"true\" focusable=\"false\" data-prefix=\"far\" data-icon=\"chart-bar\" role=\"img\" xmlns=\"http:\/\/www.w3.org\/2000\/svg\" viewBox=\"0 0 512 512\" class=\"svg-inline--fa fa-chart-bar fa-w-16 fa-2x\"><path fill=\"currentColor\" d=\"M396.8 352h22.4c6.4 0 12.8-6.4 12.8-12.8V108.8c0-6.4-6.4-12.8-12.8-12.8h-22.4c-6.4 0-12.8 6.4-12.8 12.8v230.4c0 6.4 6.4 12.8 12.8 12.8zm-192 0h22.4c6.4 0 12.8-6.4 12.8-12.8V140.8c0-6.4-6.4-12.8-12.8-12.8h-22.4c-6.4 0-12.8 6.4-12.8 12.8v198.4c0 6.4 6.4 12.8 12.8 12.8zm96 0h22.4c6.4 0 12.8-6.4 12.8-12.8V204.8c0-6.4-6.4-12.8-12.8-12.8h-22.4c-6.4 0-12.8 6.4-12.8 12.8v134.4c0 6.4 6.4 12.8 12.8 12.8zM496 400H48V80c0-8.84-7.16-16-16-16H16C7.16 64 0 71.16 0 80v336c0 17.67 14.33 32 32 32h464c8.84 0 16-7.16 16-16v-16c0-8.84-7.16-16-16-16zm-387.2-48h22.4c6.4 0 12.8-6.4 12.8-12.8v-70.4c0-6.4-6.4-12.8-12.8-12.8h-22.4c-6.4 0-12.8 6.4-12.8 12.8v70.4c0 6.4 6.4 12.8 12.8 12.8z\" class=\"\"><\/path><\/svg><\/i> <img decoding=\"async\" width=\"16\" height=\"16\" alt=\"Loading\" src=\"\/wp-content\/plugins\/page-views-count\/ajax-loader-2x.gif\" border=0 \/><\/p>\n<div class=\"pvc_clear\"><\/div>\n<p>[vc_row full_width=&#8221;stretch_row&#8221; css=&#8221;.vc_custom_1585779259785{padding-top: 70px !important;padding-bottom: 100px !important;}&#8221; el_class=&#8221;service-details&#8221;][vc_column width=&#8221;1\/4&#8243; css=&#8221;.vc_custom_1660229795210{margin-top: 30px !important;}&#8221; el_class=&#8221;service-sidebar&#8221; offset=&#8221;vc_hidden-sm vc_hidden-xs&#8221;][vc_wp_custommenu title=&#8221;M\u00e1s de esta secci\u00f3n&#8221; nav_menu=&#8221;259&#8243;][\/vc_column][vc_column width=&#8221;3\/4&#8243;][vc_column_text] RESIN\u00a0se denomina al\u00a0Repositorio de Estad\u00edsticas e Investigaciones en ITS-VIH-SIDA (RESIN-CONVIHSIDA), el cual constituye un espacio en l\u00ednea de acceso abierto y centralizado destinado a almacenar, organizar, actualizar, mantener y difundir informaci\u00f3n digital rutinaria, con [&hellip;]<\/p>\n","protected":false},"author":1,"featured_media":0,"parent":0,"menu_order":0,"comment_status":"closed","ping_status":"closed","template":"","meta":{"footnotes":""},"class_list":["post-3274","page","type-page","status-publish","hentry"],"_links":{"self":[{"href":"https:\/\/repositorio.conavihsida.gob.do\/index.php?rest_route=\/wp\/v2\/pages\/3274","targetHints":{"allow":["GET"]}}],"collection":[{"href":"https:\/\/repositorio.conavihsida.gob.do\/index.php?rest_route=\/wp\/v2\/pages"}],"about":[{"href":"https:\/\/repositorio.conavihsida.gob.do\/index.php?rest_route=\/wp\/v2\/types\/page"}],"author":[{"embeddable":true,"href":"https:\/\/repositorio.conavihsida.gob.do\/index.php?rest_route=\/wp\/v2\/users\/1"}],"replies":[{"embeddable":true,"href":"https:\/\/repositorio.conavihsida.gob.do\/index.php?rest_route=%2Fwp%2Fv2%2Fcomments&post=3274"}],"version-history":[{"count":7,"href":"https:\/\/repositorio.conavihsida.gob.do\/index.php?rest_route=\/wp\/v2\/pages\/3274\/revisions"}],"predecessor-version":[{"id":12845,"href":"https:\/\/repositorio.conavihsida.gob.do\/index.php?rest_route=\/wp\/v2\/pages\/3274\/revisions\/12845"}],"wp:attachment":[{"href":"https:\/\/repositorio.conavihsida.gob.do\/index.php?rest_route=%2Fwp%2Fv2%2Fmedia&parent=3274"}],"curies":[{"name":"wp","href":"https:\/\/api.w.org\/{rel}","templated":true}]}}