{"id":12022,"date":"2022-08-09T20:20:53","date_gmt":"2022-08-09T20:20:53","guid":{"rendered":"https:\/\/resin-c6h6dufma0ecc7ef.eastus2-01.azurewebsites.net\/?page_id=12022"},"modified":"2024-10-02T19:06:24","modified_gmt":"2024-10-02T19:06:24","slug":"contribuciones","status":"publish","type":"page","link":"https:\/\/repositorio.conavihsida.gob.do\/?page_id=12022","title":{"rendered":"Contribuciones"},"content":{"rendered":"<div class=\"pvc_clear\"><\/div>\n<p id=\"pvc_stats_12022\" class=\"pvc_stats total_only  \" data-element-id=\"12022\" style=\"\"><i class=\"pvc-stats-icon large\" aria-hidden=\"true\"><svg aria-hidden=\"true\" focusable=\"false\" data-prefix=\"far\" data-icon=\"chart-bar\" role=\"img\" xmlns=\"http:\/\/www.w3.org\/2000\/svg\" viewBox=\"0 0 512 512\" class=\"svg-inline--fa fa-chart-bar fa-w-16 fa-2x\"><path fill=\"currentColor\" d=\"M396.8 352h22.4c6.4 0 12.8-6.4 12.8-12.8V108.8c0-6.4-6.4-12.8-12.8-12.8h-22.4c-6.4 0-12.8 6.4-12.8 12.8v230.4c0 6.4 6.4 12.8 12.8 12.8zm-192 0h22.4c6.4 0 12.8-6.4 12.8-12.8V140.8c0-6.4-6.4-12.8-12.8-12.8h-22.4c-6.4 0-12.8 6.4-12.8 12.8v198.4c0 6.4 6.4 12.8 12.8 12.8zm96 0h22.4c6.4 0 12.8-6.4 12.8-12.8V204.8c0-6.4-6.4-12.8-12.8-12.8h-22.4c-6.4 0-12.8 6.4-12.8 12.8v134.4c0 6.4 6.4 12.8 12.8 12.8zM496 400H48V80c0-8.84-7.16-16-16-16H16C7.16 64 0 71.16 0 80v336c0 17.67 14.33 32 32 32h464c8.84 0 16-7.16 16-16v-16c0-8.84-7.16-16-16-16zm-387.2-48h22.4c6.4 0 12.8-6.4 12.8-12.8v-70.4c0-6.4-6.4-12.8-12.8-12.8h-22.4c-6.4 0-12.8 6.4-12.8 12.8v70.4c0 6.4 6.4 12.8 12.8 12.8z\" class=\"\"><\/path><\/svg><\/i> <img decoding=\"async\" width=\"16\" height=\"16\" alt=\"Loading\" src=\"\/wp-content\/plugins\/page-views-count\/ajax-loader-2x.gif\" border=0 \/><\/p>\n<div class=\"pvc_clear\"><\/div>\n<p>[vc_row full_width=&#8221;stretch_row&#8221; css=&#8221;.vc_custom_1585779259785{padding-top: 70px !important;padding-bottom: 100px !important;}&#8221; el_class=&#8221;service-details&#8221;][vc_column width=&#8221;1\/4&#8243; css=&#8221;.vc_custom_1636280752556{margin-top: 30px !important;}&#8221; el_class=&#8221;service-sidebar&#8221;][vc_wp_custommenu title=&#8221;M\u00e1s de esta secci\u00f3n&#8221; nav_menu=&#8221;259&#8243;][\/vc_column][vc_column width=&#8221;3\/4&#8243;][vc_custom_heading text=&#8221;Para la instituci\u00f3n:&#8221; font_container=&#8221;tag:h2|font_size:28|text_align:left&#8221; use_theme_fonts=&#8221;yes&#8221; css=&#8221;.vc_custom_1660083436470{margin-bottom: 20px !important;}&#8221;][vc_column_text el_class=&#8221;list-style-service&#8221;]<\/p>\n<ul>\n<li>Difusi\u00f3n apropiada y oportuna de la producci\u00f3n de informaci\u00f3n estad\u00edstica oficial del CONAVIHSIDA.<\/li>\n<li>Aumento de la visibilidad de la instituci\u00f3n y mejora del posicionamiento de esta.<\/li>\n<li>Preservaci\u00f3n para el futuro del material intelectual de la instituci\u00f3n, contribuyendo a la continuidad de la generaci\u00f3n y an\u00e1lisis de datos.<\/li>\n<li>Cumplimiento de los lineamientos estrat\u00e9gicos institucionales.<\/li>\n<\/ul>\n<p>[\/vc_column_text][vc_empty_space][vc_custom_heading text=&#8221;Para la sociedad:&#8221; font_container=&#8221;tag:h2|font_size:28|text_align:left&#8221; use_theme_fonts=&#8221;yes&#8221; css=&#8221;.vc_custom_1660083443952{margin-bottom: 20px !important;}&#8221;][vc_column_text el_class=&#8221;list-style-service&#8221;]<\/p>\n<ul>\n<li>Acceso al conocimiento para toda la poblaci\u00f3n.<\/li>\n<li>Monitoreo de la rendici\u00f3n de cuentas de la inversi\u00f3n p\u00fablica en materia de provisi\u00f3n de servicios de salud.<\/li>\n<li>Disminuci\u00f3n de la brecha de acceso a la informaci\u00f3n entre las instituciones y pa\u00edses.<\/li>\n<\/ul>\n<p>[\/vc_column_text][vc_empty_space][vc_custom_heading text=&#8221;Para el Sistema de Informaci\u00f3n Gubernamental e Internacional:&#8221; font_container=&#8221;tag:h2|font_size:28|text_align:left&#8221; use_theme_fonts=&#8221;yes&#8221; css=&#8221;.vc_custom_1660083460303{margin-bottom: 20px !important;}&#8221;][vc_column_text el_class=&#8221;list-style-service&#8221;]<\/p>\n<ul>\n<li>Informaci\u00f3n \u00fatil para el Sistema de Indicadores Sociales de la Rep\u00fablica Dominicana (SISDOM).<\/li>\n<li>Datos de indicadores para el seguimiento por v\u00eda del Sistema de Monitoreo de la Administraci\u00f3n P\u00fablica (SISMAP).<\/li>\n<\/ul>\n<p>[\/vc_column_text][vc_empty_space][vc_custom_heading text=&#8221;Para el Sistema Nacional de Salud:&#8221; font_container=&#8221;tag:h2|font_size:28|text_align:left&#8221; use_theme_fonts=&#8221;yes&#8221; css=&#8221;.vc_custom_1660083452071{margin-bottom: 20px !important;}&#8221;][vc_column_text el_class=&#8221;list-style-service&#8221;]<\/p>\n<ul>\n<li>Cumplimiento del Art\u00edculo 6 de la Ley 123-15, sobre el desarrollo y mantenimiento de los sistemas de informaci\u00f3n para la toma de decisiones.<\/li>\n<li>Aporte al Sistema de Informaci\u00f3n Gerencial en Salud (SIGS) establecido por la Ley 42-01 General de Salud.<\/li>\n<\/ul>\n<p>[\/vc_column_text][\/vc_column][\/vc_row]<\/p>\n","protected":false},"excerpt":{"rendered":"<div class=\"pvc_clear\"><\/div>\n<p id=\"pvc_stats_12022\" class=\"pvc_stats total_only  \" data-element-id=\"12022\" style=\"\"><i class=\"pvc-stats-icon large\" aria-hidden=\"true\"><svg aria-hidden=\"true\" focusable=\"false\" data-prefix=\"far\" data-icon=\"chart-bar\" role=\"img\" xmlns=\"http:\/\/www.w3.org\/2000\/svg\" viewBox=\"0 0 512 512\" class=\"svg-inline--fa fa-chart-bar fa-w-16 fa-2x\"><path fill=\"currentColor\" d=\"M396.8 352h22.4c6.4 0 12.8-6.4 12.8-12.8V108.8c0-6.4-6.4-12.8-12.8-12.8h-22.4c-6.4 0-12.8 6.4-12.8 12.8v230.4c0 6.4 6.4 12.8 12.8 12.8zm-192 0h22.4c6.4 0 12.8-6.4 12.8-12.8V140.8c0-6.4-6.4-12.8-12.8-12.8h-22.4c-6.4 0-12.8 6.4-12.8 12.8v198.4c0 6.4 6.4 12.8 12.8 12.8zm96 0h22.4c6.4 0 12.8-6.4 12.8-12.8V204.8c0-6.4-6.4-12.8-12.8-12.8h-22.4c-6.4 0-12.8 6.4-12.8 12.8v134.4c0 6.4 6.4 12.8 12.8 12.8zM496 400H48V80c0-8.84-7.16-16-16-16H16C7.16 64 0 71.16 0 80v336c0 17.67 14.33 32 32 32h464c8.84 0 16-7.16 16-16v-16c0-8.84-7.16-16-16-16zm-387.2-48h22.4c6.4 0 12.8-6.4 12.8-12.8v-70.4c0-6.4-6.4-12.8-12.8-12.8h-22.4c-6.4 0-12.8 6.4-12.8 12.8v70.4c0 6.4 6.4 12.8 12.8 12.8z\" class=\"\"><\/path><\/svg><\/i> <img decoding=\"async\" width=\"16\" height=\"16\" alt=\"Loading\" src=\"\/wp-content\/plugins\/page-views-count\/ajax-loader-2x.gif\" border=0 \/><\/p>\n<div class=\"pvc_clear\"><\/div>\n<p>[vc_row full_width=&#8221;stretch_row&#8221; css=&#8221;.vc_custom_1585779259785{padding-top: 70px !important;padding-bottom: 100px !important;}&#8221; el_class=&#8221;service-details&#8221;][vc_column width=&#8221;1\/4&#8243; css=&#8221;.vc_custom_1636280752556{margin-top: 30px !important;}&#8221; el_class=&#8221;service-sidebar&#8221;][vc_wp_custommenu title=&#8221;M\u00e1s de esta secci\u00f3n&#8221; nav_menu=&#8221;259&#8243;][\/vc_column][vc_column width=&#8221;3\/4&#8243;][vc_custom_heading text=&#8221;Para la instituci\u00f3n:&#8221; font_container=&#8221;tag:h2|font_size:28|text_align:left&#8221; use_theme_fonts=&#8221;yes&#8221; css=&#8221;.vc_custom_1660083436470{margin-bottom: 20px !important;}&#8221;][vc_column_text el_class=&#8221;list-style-service&#8221;] Difusi\u00f3n apropiada y oportuna de la producci\u00f3n de informaci\u00f3n estad\u00edstica oficial del CONAVIHSIDA. Aumento de la visibilidad de la instituci\u00f3n y mejora del posicionamiento de esta. Preservaci\u00f3n [&hellip;]<\/p>\n","protected":false},"author":1,"featured_media":0,"parent":0,"menu_order":4,"comment_status":"closed","ping_status":"closed","template":"","meta":{"footnotes":""},"class_list":["post-12022","page","type-page","status-publish","hentry"],"_links":{"self":[{"href":"https:\/\/repositorio.conavihsida.gob.do\/index.php?rest_route=\/wp\/v2\/pages\/12022","targetHints":{"allow":["GET"]}}],"collection":[{"href":"https:\/\/repositorio.conavihsida.gob.do\/index.php?rest_route=\/wp\/v2\/pages"}],"about":[{"href":"https:\/\/repositorio.conavihsida.gob.do\/index.php?rest_route=\/wp\/v2\/types\/page"}],"author":[{"embeddable":true,"href":"https:\/\/repositorio.conavihsida.gob.do\/index.php?rest_route=\/wp\/v2\/users\/1"}],"replies":[{"embeddable":true,"href":"https:\/\/repositorio.conavihsida.gob.do\/index.php?rest_route=%2Fwp%2Fv2%2Fcomments&post=12022"}],"version-history":[{"count":4,"href":"https:\/\/repositorio.conavihsida.gob.do\/index.php?rest_route=\/wp\/v2\/pages\/12022\/revisions"}],"predecessor-version":[{"id":12846,"href":"https:\/\/repositorio.conavihsida.gob.do\/index.php?rest_route=\/wp\/v2\/pages\/12022\/revisions\/12846"}],"wp:attachment":[{"href":"https:\/\/repositorio.conavihsida.gob.do\/index.php?rest_route=%2Fwp%2Fv2%2Fmedia&parent=12022"}],"curies":[{"name":"wp","href":"https:\/\/api.w.org\/{rel}","templated":true}]}}