{"id":12020,"date":"2022-08-09T20:20:16","date_gmt":"2022-08-09T20:20:16","guid":{"rendered":"https:\/\/resin-c6h6dufma0ecc7ef.eastus2-01.azurewebsites.net\/?page_id=12020"},"modified":"2024-10-02T19:13:05","modified_gmt":"2024-10-02T19:13:05","slug":"fuentes-informacion","status":"publish","type":"page","link":"https:\/\/repositorio.conavihsida.gob.do\/?page_id=12020","title":{"rendered":"Fuentes de informaci\u00f3n"},"content":{"rendered":"<div class=\"pvc_clear\"><\/div>\n<p id=\"pvc_stats_12020\" class=\"pvc_stats total_only  \" data-element-id=\"12020\" style=\"\"><i class=\"pvc-stats-icon large\" aria-hidden=\"true\"><svg aria-hidden=\"true\" focusable=\"false\" data-prefix=\"far\" data-icon=\"chart-bar\" role=\"img\" xmlns=\"http:\/\/www.w3.org\/2000\/svg\" viewBox=\"0 0 512 512\" class=\"svg-inline--fa fa-chart-bar fa-w-16 fa-2x\"><path fill=\"currentColor\" d=\"M396.8 352h22.4c6.4 0 12.8-6.4 12.8-12.8V108.8c0-6.4-6.4-12.8-12.8-12.8h-22.4c-6.4 0-12.8 6.4-12.8 12.8v230.4c0 6.4 6.4 12.8 12.8 12.8zm-192 0h22.4c6.4 0 12.8-6.4 12.8-12.8V140.8c0-6.4-6.4-12.8-12.8-12.8h-22.4c-6.4 0-12.8 6.4-12.8 12.8v198.4c0 6.4 6.4 12.8 12.8 12.8zm96 0h22.4c6.4 0 12.8-6.4 12.8-12.8V204.8c0-6.4-6.4-12.8-12.8-12.8h-22.4c-6.4 0-12.8 6.4-12.8 12.8v134.4c0 6.4 6.4 12.8 12.8 12.8zM496 400H48V80c0-8.84-7.16-16-16-16H16C7.16 64 0 71.16 0 80v336c0 17.67 14.33 32 32 32h464c8.84 0 16-7.16 16-16v-16c0-8.84-7.16-16-16-16zm-387.2-48h22.4c6.4 0 12.8-6.4 12.8-12.8v-70.4c0-6.4-6.4-12.8-12.8-12.8h-22.4c-6.4 0-12.8 6.4-12.8 12.8v70.4c0 6.4 6.4 12.8 12.8 12.8z\" class=\"\"><\/path><\/svg><\/i> <img decoding=\"async\" width=\"16\" height=\"16\" alt=\"Loading\" src=\"\/wp-content\/plugins\/page-views-count\/ajax-loader-2x.gif\" border=0 \/><\/p>\n<div class=\"pvc_clear\"><\/div>\n<p>[vc_row full_width=&#8221;stretch_row&#8221; css=&#8221;.vc_custom_1585779259785{padding-top: 70px !important;padding-bottom: 100px !important;}&#8221; el_class=&#8221;service-details&#8221;][vc_column width=&#8221;1\/4&#8243; css=&#8221;.vc_custom_1636280752556{margin-top: 30px !important;}&#8221; el_class=&#8221;service-sidebar&#8221;][vc_wp_custommenu title=&#8221;M\u00e1s de esta secci\u00f3n&#8221; nav_menu=&#8221;259&#8243;][\/vc_column][vc_column width=&#8221;3\/4&#8243;][vc_custom_heading text=&#8221;Internas&#8221; font_container=&#8221;tag:h2|font_size:28|text_align:left&#8221; use_theme_fonts=&#8221;yes&#8221; css=&#8221;.vc_custom_1660083156433{margin-bottom: 20px !important;}&#8221;][vc_column_text el_class=&#8221;list-style-service&#8221;]<\/p>\n<ul>\n<li>Base de Datos del Sistema de Registro de Poblaciones Clave.<\/li>\n<li>Dimensionamiento de tama\u00f1o poblacional.<\/li>\n<li>Herramienta de Monitoreo y Tablero de Mando.<\/li>\n<\/ul>\n<p>[\/vc_column_text][vc_custom_heading text=&#8221;Externas&#8221; font_container=&#8221;tag:h2|font_size:28|text_align:left&#8221; use_theme_fonts=&#8221;yes&#8221; css=&#8221;.vc_custom_1660083174635{margin-bottom: 20px !important;}&#8221;][vc_column_text el_class=&#8221;list-style-service&#8221;]<\/p>\n<ul>\n<li>Base de Datos del Sistema de Registro Nacional de Atenci\u00f3n Integral (SIRNAI), M\u00f3dulo FAPPS-Modulo SIRENP-Modulo PrEP.<\/li>\n<li>Base de Datos del Sistema de Informaci\u00f3n Operacional Epidemiol\u00f3gica (SIOE) de Tuberculosis.<\/li>\n<li>Reportes diarios y mensuales del Sistema Nacional de Vigilancia Epidemiol\u00f3gica (SINAVE), de la Direcci\u00f3n General de Epidemiolog\u00eda (DIGEPI) del Ministerio de Salud P\u00fablica.<\/li>\n<li>Reportes de Base de Datos de Nacidos Vivos y de defunciones, del Departamento de Estad\u00edsticas del Ministerio de Salud P\u00fablica.<\/li>\n<li>Reportes del Sistema Integrado de Gesti\u00f3n Financiera (SIGEF) del Ministerio de Hacienda de Rep\u00fablica Dominicana.<\/li>\n<\/ul>\n<p>[\/vc_column_text][\/vc_column][\/vc_row]<\/p>\n","protected":false},"excerpt":{"rendered":"<div class=\"pvc_clear\"><\/div>\n<p id=\"pvc_stats_12020\" class=\"pvc_stats total_only  \" data-element-id=\"12020\" style=\"\"><i class=\"pvc-stats-icon large\" aria-hidden=\"true\"><svg aria-hidden=\"true\" focusable=\"false\" data-prefix=\"far\" data-icon=\"chart-bar\" role=\"img\" xmlns=\"http:\/\/www.w3.org\/2000\/svg\" viewBox=\"0 0 512 512\" class=\"svg-inline--fa fa-chart-bar fa-w-16 fa-2x\"><path fill=\"currentColor\" d=\"M396.8 352h22.4c6.4 0 12.8-6.4 12.8-12.8V108.8c0-6.4-6.4-12.8-12.8-12.8h-22.4c-6.4 0-12.8 6.4-12.8 12.8v230.4c0 6.4 6.4 12.8 12.8 12.8zm-192 0h22.4c6.4 0 12.8-6.4 12.8-12.8V140.8c0-6.4-6.4-12.8-12.8-12.8h-22.4c-6.4 0-12.8 6.4-12.8 12.8v198.4c0 6.4 6.4 12.8 12.8 12.8zm96 0h22.4c6.4 0 12.8-6.4 12.8-12.8V204.8c0-6.4-6.4-12.8-12.8-12.8h-22.4c-6.4 0-12.8 6.4-12.8 12.8v134.4c0 6.4 6.4 12.8 12.8 12.8zM496 400H48V80c0-8.84-7.16-16-16-16H16C7.16 64 0 71.16 0 80v336c0 17.67 14.33 32 32 32h464c8.84 0 16-7.16 16-16v-16c0-8.84-7.16-16-16-16zm-387.2-48h22.4c6.4 0 12.8-6.4 12.8-12.8v-70.4c0-6.4-6.4-12.8-12.8-12.8h-22.4c-6.4 0-12.8 6.4-12.8 12.8v70.4c0 6.4 6.4 12.8 12.8 12.8z\" class=\"\"><\/path><\/svg><\/i> <img decoding=\"async\" width=\"16\" height=\"16\" alt=\"Loading\" src=\"\/wp-content\/plugins\/page-views-count\/ajax-loader-2x.gif\" border=0 \/><\/p>\n<div class=\"pvc_clear\"><\/div>\n<p>[vc_row full_width=&#8221;stretch_row&#8221; css=&#8221;.vc_custom_1585779259785{padding-top: 70px !important;padding-bottom: 100px !important;}&#8221; el_class=&#8221;service-details&#8221;][vc_column width=&#8221;1\/4&#8243; css=&#8221;.vc_custom_1636280752556{margin-top: 30px !important;}&#8221; el_class=&#8221;service-sidebar&#8221;][vc_wp_custommenu title=&#8221;M\u00e1s de esta secci\u00f3n&#8221; nav_menu=&#8221;259&#8243;][\/vc_column][vc_column width=&#8221;3\/4&#8243;][vc_custom_heading text=&#8221;Internas&#8221; font_container=&#8221;tag:h2|font_size:28|text_align:left&#8221; use_theme_fonts=&#8221;yes&#8221; css=&#8221;.vc_custom_1660083156433{margin-bottom: 20px !important;}&#8221;][vc_column_text el_class=&#8221;list-style-service&#8221;] Base de Datos del Sistema de Registro de Poblaciones Clave. Dimensionamiento de tama\u00f1o poblacional. Herramienta de Monitoreo y Tablero de Mando. [\/vc_column_text][vc_custom_heading text=&#8221;Externas&#8221; font_container=&#8221;tag:h2|font_size:28|text_align:left&#8221; use_theme_fonts=&#8221;yes&#8221; css=&#8221;.vc_custom_1660083174635{margin-bottom: 20px !important;}&#8221;][vc_column_text el_class=&#8221;list-style-service&#8221;] [&hellip;]<\/p>\n","protected":false},"author":1,"featured_media":0,"parent":0,"menu_order":3,"comment_status":"closed","ping_status":"closed","template":"","meta":{"footnotes":""},"class_list":["post-12020","page","type-page","status-publish","hentry"],"_links":{"self":[{"href":"https:\/\/repositorio.conavihsida.gob.do\/index.php?rest_route=\/wp\/v2\/pages\/12020","targetHints":{"allow":["GET"]}}],"collection":[{"href":"https:\/\/repositorio.conavihsida.gob.do\/index.php?rest_route=\/wp\/v2\/pages"}],"about":[{"href":"https:\/\/repositorio.conavihsida.gob.do\/index.php?rest_route=\/wp\/v2\/types\/page"}],"author":[{"embeddable":true,"href":"https:\/\/repositorio.conavihsida.gob.do\/index.php?rest_route=\/wp\/v2\/users\/1"}],"replies":[{"embeddable":true,"href":"https:\/\/repositorio.conavihsida.gob.do\/index.php?rest_route=%2Fwp%2Fv2%2Fcomments&post=12020"}],"version-history":[{"count":3,"href":"https:\/\/repositorio.conavihsida.gob.do\/index.php?rest_route=\/wp\/v2\/pages\/12020\/revisions"}],"predecessor-version":[{"id":12850,"href":"https:\/\/repositorio.conavihsida.gob.do\/index.php?rest_route=\/wp\/v2\/pages\/12020\/revisions\/12850"}],"wp:attachment":[{"href":"https:\/\/repositorio.conavihsida.gob.do\/index.php?rest_route=%2Fwp%2Fv2%2Fmedia&parent=12020"}],"curies":[{"name":"wp","href":"https:\/\/api.w.org\/{rel}","templated":true}]}}