{"id":12018,"date":"2022-08-09T20:19:03","date_gmt":"2022-08-09T20:19:03","guid":{"rendered":"https:\/\/resin-c6h6dufma0ecc7ef.eastus2-01.azurewebsites.net\/?page_id=12018"},"modified":"2024-10-02T19:11:21","modified_gmt":"2024-10-02T19:11:21","slug":"usuarios-potenciales","status":"publish","type":"page","link":"https:\/\/repositorio.conavihsida.gob.do\/?page_id=12018","title":{"rendered":"Usuarios potenciales del RESIN"},"content":{"rendered":"<div class=\"pvc_clear\"><\/div>\n<p id=\"pvc_stats_12018\" class=\"pvc_stats total_only  \" data-element-id=\"12018\" style=\"\"><i class=\"pvc-stats-icon large\" aria-hidden=\"true\"><svg aria-hidden=\"true\" focusable=\"false\" data-prefix=\"far\" data-icon=\"chart-bar\" role=\"img\" xmlns=\"http:\/\/www.w3.org\/2000\/svg\" viewBox=\"0 0 512 512\" class=\"svg-inline--fa fa-chart-bar fa-w-16 fa-2x\"><path fill=\"currentColor\" d=\"M396.8 352h22.4c6.4 0 12.8-6.4 12.8-12.8V108.8c0-6.4-6.4-12.8-12.8-12.8h-22.4c-6.4 0-12.8 6.4-12.8 12.8v230.4c0 6.4 6.4 12.8 12.8 12.8zm-192 0h22.4c6.4 0 12.8-6.4 12.8-12.8V140.8c0-6.4-6.4-12.8-12.8-12.8h-22.4c-6.4 0-12.8 6.4-12.8 12.8v198.4c0 6.4 6.4 12.8 12.8 12.8zm96 0h22.4c6.4 0 12.8-6.4 12.8-12.8V204.8c0-6.4-6.4-12.8-12.8-12.8h-22.4c-6.4 0-12.8 6.4-12.8 12.8v134.4c0 6.4 6.4 12.8 12.8 12.8zM496 400H48V80c0-8.84-7.16-16-16-16H16C7.16 64 0 71.16 0 80v336c0 17.67 14.33 32 32 32h464c8.84 0 16-7.16 16-16v-16c0-8.84-7.16-16-16-16zm-387.2-48h22.4c6.4 0 12.8-6.4 12.8-12.8v-70.4c0-6.4-6.4-12.8-12.8-12.8h-22.4c-6.4 0-12.8 6.4-12.8 12.8v70.4c0 6.4 6.4 12.8 12.8 12.8z\" class=\"\"><\/path><\/svg><\/i> <img decoding=\"async\" width=\"16\" height=\"16\" alt=\"Loading\" src=\"\/wp-content\/plugins\/page-views-count\/ajax-loader-2x.gif\" border=0 \/><\/p>\n<div class=\"pvc_clear\"><\/div>\n<p>[vc_row full_width=&#8221;stretch_row&#8221; css=&#8221;.vc_custom_1585779259785{padding-top: 70px !important;padding-bottom: 100px !important;}&#8221; el_class=&#8221;service-details&#8221;][vc_column width=&#8221;1\/4&#8243; css=&#8221;.vc_custom_1636280752556{margin-top: 30px !important;}&#8221; el_class=&#8221;service-sidebar&#8221;][vc_wp_custommenu title=&#8221;M\u00e1s de esta secci\u00f3n&#8221; nav_menu=&#8221;259&#8243;][\/vc_column][vc_column width=&#8221;3\/4&#8243;][vc_column_text el_class=&#8221;list-style-service&#8221;]<\/p>\n<ul>\n<li style=\"font-weight: 400;\"><strong>Formuladores de pol\u00edticas p\u00fablicas:<\/strong>\u00a0abarca a los responsables de las acciones del Gobierno en materia de las ITS-VIH-SIDA, quienes definen intervenciones y estrategias con objetivos de inter\u00e9s p\u00fablico, basados en evidencias y en un proceso de diagn\u00f3stico y an\u00e1lisis de factibilidad, para la atenci\u00f3n efectiva de problemas p\u00fablicos espec\u00edficos, en donde participa la ciudadan\u00eda en la definici\u00f3n de problemas y soluciones, tales como el Ministerio de Salud P\u00fablica y otras entidades (p\u00fablicas o privadas) que participan en la toma de decisiones y la formulaci\u00f3n de pol\u00edticas p\u00fablicas en salud.<\/li>\n<li style=\"font-weight: 400;\"><\/li>\n<li style=\"font-weight: 400;\"><strong>Representantes pa\u00eds<\/strong>:\u00a0se refiere a los funcionarios que representan al pa\u00eds en el exterior y requieren datos para la presentaci\u00f3n de la posici\u00f3n pa\u00eds sobre temas relacionados con la estructura, producci\u00f3n e indicadores.<\/li>\n<li style=\"font-weight: 400;\"><strong>Gestores internos:<\/strong>\u00a0relativo a los socios de la Respuesta Nacional, que utilizan datos de producci\u00f3n para la planificaci\u00f3n estrat\u00e9gica y operativa, as\u00ed como \u00c1reas program\u00e1ticas para los an\u00e1lisis y seguimiento al comportamiento de los eventos y temas de salud de su competencia. En ese orden, se incluye a la Direcci\u00f3n de Planificaci\u00f3n y Desarrollo, responsable de las programaciones de asignaciones presupuestarias en salud con el Ministerio de Hacienda, a trav\u00e9s de la DIGEPRES; conforme a las metas presidenciales y de desarrollo nacional e internacional; entre otras.<\/li>\n<li style=\"font-weight: 400;\"><strong>Responsable de monitoreo gesti\u00f3n p\u00fablica o usuario de datos:<\/strong>\u00a0consigna las entidades gubernamentales que tienen sistemas de informaci\u00f3n que reportan indicadores de salud, tales como la Oficina Nacional de Estad\u00edstica (ONE) y el Ministerio de Econom\u00eda, Planificaci\u00f3n y Desarrollo (MEPyD), este \u00faltimo adem\u00e1s para la consolidaci\u00f3n de datos sobre el cumplimiento del Plan Nacional Plurianual del Sector P\u00fablico; Presidencia de la Rep\u00fablica para los reportes de metas de desarrollo y presidenciales; Ministerio de Administraci\u00f3n P\u00fablica (MAP) para el seguimiento a la gesti\u00f3n institucional en el \u00e1mbito de su competencia.<\/li>\n<li style=\"font-weight: 400;\"><strong>Investigadores\/agencias internacionales\/sociedad civil:<\/strong>\u00a0referido a las personas f\u00edsicas o jur\u00eddicas que realizan investigaciones sociales y econ\u00f3micas para instituciones p\u00fablicas o privadas; organismos de cooperaci\u00f3n internacional que apoyan temas espec\u00edficos de salud para la mejora de la calidad de vida de las personas.<\/li>\n<li style=\"font-weight: 400;\"><strong>P\u00fablico en general:<\/strong>\u00a0corresponde al resto de los usuarios potenciales de los datos estad\u00edsticos: periodistas, estudiantes, profesionales del sector, asociaciones y\/o gremios de la salud, entre otras.<\/li>\n<\/ul>\n<p>[\/vc_column_text][\/vc_column][\/vc_row]<\/p>\n","protected":false},"excerpt":{"rendered":"<div class=\"pvc_clear\"><\/div>\n<p id=\"pvc_stats_12018\" class=\"pvc_stats total_only  \" data-element-id=\"12018\" style=\"\"><i class=\"pvc-stats-icon large\" aria-hidden=\"true\"><svg aria-hidden=\"true\" focusable=\"false\" data-prefix=\"far\" data-icon=\"chart-bar\" role=\"img\" xmlns=\"http:\/\/www.w3.org\/2000\/svg\" viewBox=\"0 0 512 512\" class=\"svg-inline--fa fa-chart-bar fa-w-16 fa-2x\"><path fill=\"currentColor\" d=\"M396.8 352h22.4c6.4 0 12.8-6.4 12.8-12.8V108.8c0-6.4-6.4-12.8-12.8-12.8h-22.4c-6.4 0-12.8 6.4-12.8 12.8v230.4c0 6.4 6.4 12.8 12.8 12.8zm-192 0h22.4c6.4 0 12.8-6.4 12.8-12.8V140.8c0-6.4-6.4-12.8-12.8-12.8h-22.4c-6.4 0-12.8 6.4-12.8 12.8v198.4c0 6.4 6.4 12.8 12.8 12.8zm96 0h22.4c6.4 0 12.8-6.4 12.8-12.8V204.8c0-6.4-6.4-12.8-12.8-12.8h-22.4c-6.4 0-12.8 6.4-12.8 12.8v134.4c0 6.4 6.4 12.8 12.8 12.8zM496 400H48V80c0-8.84-7.16-16-16-16H16C7.16 64 0 71.16 0 80v336c0 17.67 14.33 32 32 32h464c8.84 0 16-7.16 16-16v-16c0-8.84-7.16-16-16-16zm-387.2-48h22.4c6.4 0 12.8-6.4 12.8-12.8v-70.4c0-6.4-6.4-12.8-12.8-12.8h-22.4c-6.4 0-12.8 6.4-12.8 12.8v70.4c0 6.4 6.4 12.8 12.8 12.8z\" class=\"\"><\/path><\/svg><\/i> <img decoding=\"async\" width=\"16\" height=\"16\" alt=\"Loading\" src=\"\/wp-content\/plugins\/page-views-count\/ajax-loader-2x.gif\" border=0 \/><\/p>\n<div class=\"pvc_clear\"><\/div>\n<p>[vc_row full_width=&#8221;stretch_row&#8221; css=&#8221;.vc_custom_1585779259785{padding-top: 70px !important;padding-bottom: 100px !important;}&#8221; el_class=&#8221;service-details&#8221;][vc_column width=&#8221;1\/4&#8243; css=&#8221;.vc_custom_1636280752556{margin-top: 30px !important;}&#8221; el_class=&#8221;service-sidebar&#8221;][vc_wp_custommenu title=&#8221;M\u00e1s de esta secci\u00f3n&#8221; nav_menu=&#8221;259&#8243;][\/vc_column][vc_column width=&#8221;3\/4&#8243;][vc_column_text el_class=&#8221;list-style-service&#8221;] Formuladores de pol\u00edticas p\u00fablicas:\u00a0abarca a los responsables de las acciones del Gobierno en materia de las ITS-VIH-SIDA, quienes definen intervenciones y estrategias con objetivos de inter\u00e9s p\u00fablico, basados en evidencias y en un proceso de [&hellip;]<\/p>\n","protected":false},"author":1,"featured_media":0,"parent":0,"menu_order":2,"comment_status":"closed","ping_status":"closed","template":"","meta":{"footnotes":""},"class_list":["post-12018","page","type-page","status-publish","hentry"],"_links":{"self":[{"href":"https:\/\/repositorio.conavihsida.gob.do\/index.php?rest_route=\/wp\/v2\/pages\/12018","targetHints":{"allow":["GET"]}}],"collection":[{"href":"https:\/\/repositorio.conavihsida.gob.do\/index.php?rest_route=\/wp\/v2\/pages"}],"about":[{"href":"https:\/\/repositorio.conavihsida.gob.do\/index.php?rest_route=\/wp\/v2\/types\/page"}],"author":[{"embeddable":true,"href":"https:\/\/repositorio.conavihsida.gob.do\/index.php?rest_route=\/wp\/v2\/users\/1"}],"replies":[{"embeddable":true,"href":"https:\/\/repositorio.conavihsida.gob.do\/index.php?rest_route=%2Fwp%2Fv2%2Fcomments&post=12018"}],"version-history":[{"count":4,"href":"https:\/\/repositorio.conavihsida.gob.do\/index.php?rest_route=\/wp\/v2\/pages\/12018\/revisions"}],"predecessor-version":[{"id":12849,"href":"https:\/\/repositorio.conavihsida.gob.do\/index.php?rest_route=\/wp\/v2\/pages\/12018\/revisions\/12849"}],"wp:attachment":[{"href":"https:\/\/repositorio.conavihsida.gob.do\/index.php?rest_route=%2Fwp%2Fv2%2Fmedia&parent=12018"}],"curies":[{"name":"wp","href":"https:\/\/api.w.org\/{rel}","templated":true}]}}